{"id":14,"date":"2026-04-14T11:34:33","date_gmt":"2026-04-14T11:34:33","guid":{"rendered":"https:\/\/csini-baba.hu\/?post_type=product&#038;p=14"},"modified":"2026-04-14T12:53:39","modified_gmt":"2026-04-14T12:53:39","slug":"termek1","status":"publish","type":"product","link":"https:\/\/csini-baba.hu\/index.php\/termek\/termek1\/","title":{"rendered":"Thaif\u00f6ldi maxi ruha"},"content":{"rendered":"<p style=\"text-align: left;\">Thaif\u00f6ldi maxi ruha<\/p>\n","protected":false},"excerpt":{"rendered":"<p>Thaif\u00f6ldi maxi ruha<\/p>\n","protected":false},"featured_media":16,"comment_status":"open","ping_status":"closed","template":"","meta":[],"product_brand":[],"product_cat":[17],"product_tag":[],"class_list":{"0":"post-14","1":"product","2":"type-product","3":"status-publish","4":"has-post-thumbnail","6":"product_cat-nepali-ruhak","8":"first","9":"instock","10":"sale","11":"shipping-taxable","12":"purchasable","13":"product-type-simple"},"yoast_head":"<!-- This site is optimized with the Yoast SEO plugin v27.4 - https:\/\/yoast.com\/product\/yoast-seo-wordpress\/ -->\n<title>Thaif\u00f6ldi maxi ruha - Lamanda<\/title>\n<meta name=\"robots\" content=\"index, follow, max-snippet:-1, max-image-preview:large, max-video-preview:-1\" \/>\n<link rel=\"canonical\" href=\"https:\/\/csini-baba.hu\/index.php\/termek\/termek1\/\" \/>\n<meta property=\"og:locale\" content=\"hu_HU\" \/>\n<meta property=\"og:type\" content=\"article\" \/>\n<meta property=\"og:title\" content=\"Thaif\u00f6ldi maxi ruha - Lamanda\" \/>\n<meta property=\"og:description\" content=\"Thaif\u00f6ldi maxi ruha\" \/>\n<meta property=\"og:url\" content=\"https:\/\/csini-baba.hu\/index.php\/termek\/termek1\/\" \/>\n<meta property=\"og:site_name\" content=\"Lamanda\" \/>\n<meta property=\"article:modified_time\" content=\"2026-04-14T12:53:39+00:00\" \/>\n<meta property=\"og:image\" content=\"https:\/\/csini-baba.hu\/wp-content\/uploads\/2026\/04\/feketeruha.jpg\" \/>\n\t<meta property=\"og:image:width\" content=\"640\" \/>\n\t<meta property=\"og:image:height\" content=\"960\" \/>\n\t<meta property=\"og:image:type\" content=\"image\/jpeg\" \/>\n<meta name=\"twitter:card\" content=\"summary_large_image\" \/>\n<meta name=\"twitter:label1\" content=\"Becs\u00fclt olvas\u00e1si id\u0151\" \/>\n\t<meta name=\"twitter:data1\" content=\"1 perc\" \/>\n<script type=\"application\/ld+json\" class=\"yoast-schema-graph\">{\"@context\":\"https:\\\/\\\/schema.org\",\"@graph\":[{\"@type\":\"WebPage\",\"@id\":\"https:\\\/\\\/csini-baba.hu\\\/index.php\\\/termek\\\/termek1\\\/\",\"url\":\"https:\\\/\\\/csini-baba.hu\\\/index.php\\\/termek\\\/termek1\\\/\",\"name\":\"Thaif\u00f6ldi maxi ruha - Lamanda\",\"isPartOf\":{\"@id\":\"https:\\\/\\\/csini-baba.hu\\\/#website\"},\"primaryImageOfPage\":{\"@id\":\"https:\\\/\\\/csini-baba.hu\\\/index.php\\\/termek\\\/termek1\\\/#primaryimage\"},\"image\":{\"@id\":\"https:\\\/\\\/csini-baba.hu\\\/index.php\\\/termek\\\/termek1\\\/#primaryimage\"},\"thumbnailUrl\":\"https:\\\/\\\/csini-baba.hu\\\/wp-content\\\/uploads\\\/2026\\\/04\\\/feketeruha.jpg\",\"datePublished\":\"2026-04-14T11:34:33+00:00\",\"dateModified\":\"2026-04-14T12:53:39+00:00\",\"breadcrumb\":{\"@id\":\"https:\\\/\\\/csini-baba.hu\\\/index.php\\\/termek\\\/termek1\\\/#breadcrumb\"},\"inLanguage\":\"hu\",\"potentialAction\":[{\"@type\":\"ReadAction\",\"target\":[\"https:\\\/\\\/csini-baba.hu\\\/index.php\\\/termek\\\/termek1\\\/\"]}]},{\"@type\":\"ImageObject\",\"inLanguage\":\"hu\",\"@id\":\"https:\\\/\\\/csini-baba.hu\\\/index.php\\\/termek\\\/termek1\\\/#primaryimage\",\"url\":\"https:\\\/\\\/csini-baba.hu\\\/wp-content\\\/uploads\\\/2026\\\/04\\\/feketeruha.jpg\",\"contentUrl\":\"https:\\\/\\\/csini-baba.hu\\\/wp-content\\\/uploads\\\/2026\\\/04\\\/feketeruha.jpg\",\"width\":640,\"height\":960},{\"@type\":\"BreadcrumbList\",\"@id\":\"https:\\\/\\\/csini-baba.hu\\\/index.php\\\/termek\\\/termek1\\\/#breadcrumb\",\"itemListElement\":[{\"@type\":\"ListItem\",\"position\":1,\"name\":\"Kezd\u0151lap\",\"item\":\"https:\\\/\\\/csini-baba.hu\\\/\"},{\"@type\":\"ListItem\",\"position\":2,\"name\":\"Shop\",\"item\":\"https:\\\/\\\/csini-baba.hu\\\/index.php\\\/uzlet\\\/\"},{\"@type\":\"ListItem\",\"position\":3,\"name\":\"Thaif\u00f6ldi maxi ruha\"}]},{\"@type\":\"WebSite\",\"@id\":\"https:\\\/\\\/csini-baba.hu\\\/#website\",\"url\":\"https:\\\/\\\/csini-baba.hu\\\/\",\"name\":\"Lamanda\",\"description\":\"\",\"potentialAction\":[{\"@type\":\"SearchAction\",\"target\":{\"@type\":\"EntryPoint\",\"urlTemplate\":\"https:\\\/\\\/csini-baba.hu\\\/?s={search_term_string}\"},\"query-input\":{\"@type\":\"PropertyValueSpecification\",\"valueRequired\":true,\"valueName\":\"search_term_string\"}}],\"inLanguage\":\"hu\"}]}<\/script>\n<!-- \/ Yoast SEO plugin. -->","yoast_head_json":{"title":"Thaif\u00f6ldi maxi ruha - Lamanda","robots":{"index":"index","follow":"follow","max-snippet":"max-snippet:-1","max-image-preview":"max-image-preview:large","max-video-preview":"max-video-preview:-1"},"canonical":"https:\/\/csini-baba.hu\/index.php\/termek\/termek1\/","og_locale":"hu_HU","og_type":"article","og_title":"Thaif\u00f6ldi maxi ruha - Lamanda","og_description":"Thaif\u00f6ldi maxi ruha","og_url":"https:\/\/csini-baba.hu\/index.php\/termek\/termek1\/","og_site_name":"Lamanda","article_modified_time":"2026-04-14T12:53:39+00:00","og_image":[{"width":640,"height":960,"url":"https:\/\/csini-baba.hu\/wp-content\/uploads\/2026\/04\/feketeruha.jpg","type":"image\/jpeg"}],"twitter_card":"summary_large_image","twitter_misc":{"Becs\u00fclt olvas\u00e1si id\u0151":"1 perc"},"schema":{"@context":"https:\/\/schema.org","@graph":[{"@type":"WebPage","@id":"https:\/\/csini-baba.hu\/index.php\/termek\/termek1\/","url":"https:\/\/csini-baba.hu\/index.php\/termek\/termek1\/","name":"Thaif\u00f6ldi maxi ruha - Lamanda","isPartOf":{"@id":"https:\/\/csini-baba.hu\/#website"},"primaryImageOfPage":{"@id":"https:\/\/csini-baba.hu\/index.php\/termek\/termek1\/#primaryimage"},"image":{"@id":"https:\/\/csini-baba.hu\/index.php\/termek\/termek1\/#primaryimage"},"thumbnailUrl":"https:\/\/csini-baba.hu\/wp-content\/uploads\/2026\/04\/feketeruha.jpg","datePublished":"2026-04-14T11:34:33+00:00","dateModified":"2026-04-14T12:53:39+00:00","breadcrumb":{"@id":"https:\/\/csini-baba.hu\/index.php\/termek\/termek1\/#breadcrumb"},"inLanguage":"hu","potentialAction":[{"@type":"ReadAction","target":["https:\/\/csini-baba.hu\/index.php\/termek\/termek1\/"]}]},{"@type":"ImageObject","inLanguage":"hu","@id":"https:\/\/csini-baba.hu\/index.php\/termek\/termek1\/#primaryimage","url":"https:\/\/csini-baba.hu\/wp-content\/uploads\/2026\/04\/feketeruha.jpg","contentUrl":"https:\/\/csini-baba.hu\/wp-content\/uploads\/2026\/04\/feketeruha.jpg","width":640,"height":960},{"@type":"BreadcrumbList","@id":"https:\/\/csini-baba.hu\/index.php\/termek\/termek1\/#breadcrumb","itemListElement":[{"@type":"ListItem","position":1,"name":"Kezd\u0151lap","item":"https:\/\/csini-baba.hu\/"},{"@type":"ListItem","position":2,"name":"Shop","item":"https:\/\/csini-baba.hu\/index.php\/uzlet\/"},{"@type":"ListItem","position":3,"name":"Thaif\u00f6ldi maxi ruha"}]},{"@type":"WebSite","@id":"https:\/\/csini-baba.hu\/#website","url":"https:\/\/csini-baba.hu\/","name":"Lamanda","description":"","potentialAction":[{"@type":"SearchAction","target":{"@type":"EntryPoint","urlTemplate":"https:\/\/csini-baba.hu\/?s={search_term_string}"},"query-input":{"@type":"PropertyValueSpecification","valueRequired":true,"valueName":"search_term_string"}}],"inLanguage":"hu"}]}},"jetpack_sharing_enabled":true,"_links":{"self":[{"href":"https:\/\/csini-baba.hu\/index.php\/wp-json\/wp\/v2\/product\/14","targetHints":{"allow":["GET"]}}],"collection":[{"href":"https:\/\/csini-baba.hu\/index.php\/wp-json\/wp\/v2\/product"}],"about":[{"href":"https:\/\/csini-baba.hu\/index.php\/wp-json\/wp\/v2\/types\/product"}],"replies":[{"embeddable":true,"href":"https:\/\/csini-baba.hu\/index.php\/wp-json\/wp\/v2\/comments?post=14"}],"wp:featuredmedia":[{"embeddable":true,"href":"https:\/\/csini-baba.hu\/index.php\/wp-json\/wp\/v2\/media\/16"}],"wp:attachment":[{"href":"https:\/\/csini-baba.hu\/index.php\/wp-json\/wp\/v2\/media?parent=14"}],"wp:term":[{"taxonomy":"product_brand","embeddable":true,"href":"https:\/\/csini-baba.hu\/index.php\/wp-json\/wp\/v2\/product_brand?post=14"},{"taxonomy":"product_cat","embeddable":true,"href":"https:\/\/csini-baba.hu\/index.php\/wp-json\/wp\/v2\/product_cat?post=14"},{"taxonomy":"product_tag","embeddable":true,"href":"https:\/\/csini-baba.hu\/index.php\/wp-json\/wp\/v2\/product_tag?post=14"}],"curies":[{"name":"wp","href":"https:\/\/api.w.org\/{rel}","templated":true}]}}